{"id":1994,"date":"2023-06-13T11:29:38","date_gmt":"2023-06-13T15:29:38","guid":{"rendered":"https:\/\/www.pilottenantais.com\/about-us\/"},"modified":"2025-04-24T10:47:06","modified_gmt":"2025-04-24T14:47:06","slug":"about-us","status":"publish","type":"page","link":"https:\/\/www.pilottenantais.com\/en\/about-us\/","title":{"rendered":"About us"},"content":{"rendered":"<div id=\"pl-1994\"  class=\"panel-layout\" ><div id=\"pg-1994-0\"  class=\"panel-grid panel-no-style\" ><div id=\"pgc-1994-0-0\"  class=\"panel-grid-cell\" ><div id=\"panel-1994-0-0-0\" class=\"so-panel widget widget_sow-editor panel-first-child panel-last-child\" data-index=\"0\" ><div\n\t\t\t\n\t\t\tclass=\"so-widget-sow-editor so-widget-sow-editor-base\"\n\t\t\t\n\t\t>\n<div class=\"siteorigin-widget-tinymce textwidget\">\n\t<h2 style=\"text-align: center;\">Our story<\/h2>\n<p>At the end of the Second World War, the optician Simon Pilotte was manager of the lens surfacing workshop at National Optical. As he lived in the Rosemont district, on 24th Avenue, he undertook to open an optician's office near his home to serve his fellow citizens of Rosemont.<br \/>\nHe rented a small workshop behind a jewelry store at 4259 rue Beaubien and installed the equipment necessary for the cutting and assembly of glasses. In the evening, after his work at the National Optical, he left with a small suitcase of glasses frames to go to residences and even sometimes to factories to meet professionals of this business. Back on rue Beaubien, he spent part of his night to cutting and assembling glasses for the delivering of the next day.<\/p>\n<\/div>\n<\/div><\/div><\/div><\/div><div id=\"pg-1994-1\"  class=\"panel-grid panel-no-style\" ><div id=\"pgc-1994-1-0\"  class=\"panel-grid-cell\" ><div id=\"panel-1994-1-0-0\" class=\"so-panel widget widget_sow-image panel-first-child panel-last-child\" data-index=\"1\" ><div\n\t\t\t\n\t\t\tclass=\"so-widget-sow-image so-widget-sow-image-default-dbf295114b96-1994\"\n\t\t\t\n\t\t>\n<div class=\"sow-image-container\">\n\t\t\t<a href=\"https:\/\/www.pilottenantais.com\/wp-content\/uploads\/2015\/12\/Haut_page_histoire02.jpg\"\n\t\t\t\t\t>\n\t\t\t<img \n\tsrc=\"https:\/\/www.pilottenantais.com\/wp-content\/uploads\/2015\/12\/Haut_page_histoire02.jpg\" width=\"380\" height=\"256\" srcset=\"https:\/\/www.pilottenantais.com\/wp-content\/uploads\/2015\/12\/Haut_page_histoire02.jpg 380w, https:\/\/www.pilottenantais.com\/wp-content\/uploads\/2015\/12\/Haut_page_histoire02-300x202.jpg 300w\" sizes=\"(max-width: 380px) 100vw, 380px\" title=\"Le Pilotte Nantais \u00e0 Rosemont\" alt=\"Enseigne du Pilotte Nantais \u00e0 Montreal\" \t\tclass=\"so-widget-image\"\/>\n\t\t\t<\/a><\/div>\n\n<\/div><\/div><\/div><div id=\"pgc-1994-1-1\"  class=\"panel-grid-cell\" ><div id=\"panel-1994-1-1-0\" class=\"so-panel widget widget_sow-image panel-first-child panel-last-child\" data-index=\"2\" ><div\n\t\t\t\n\t\t\tclass=\"so-widget-sow-image so-widget-sow-image-default-dbf295114b96-1994\"\n\t\t\t\n\t\t>\n<div class=\"sow-image-container\">\n\t\t\t<a href=\"https:\/\/www.pilottenantais.com\/wp-content\/uploads\/2015\/12\/Haut_page_histoire.jpg\"\n\t\t\t\t\t>\n\t\t\t<img \n\tsrc=\"https:\/\/www.pilottenantais.com\/wp-content\/uploads\/2015\/12\/Haut_page_histoire.jpg\" width=\"380\" height=\"256\" srcset=\"https:\/\/www.pilottenantais.com\/wp-content\/uploads\/2015\/12\/Haut_page_histoire.jpg 380w, https:\/\/www.pilottenantais.com\/wp-content\/uploads\/2015\/12\/Haut_page_histoire-300x202.jpg 300w\" sizes=\"(max-width: 380px) 100vw, 380px\" title=\"Le Pilotte Nantais \u00e0 Rosemont\" alt=\"Rue de Montreal dans les ann\u00e9es 1960\" \t\tclass=\"so-widget-image\"\/>\n\t\t\t<\/a><\/div>\n\n<\/div><\/div><\/div><\/div><div id=\"pg-1994-2\"  class=\"panel-grid panel-no-style\" ><div id=\"pgc-1994-2-0\"  class=\"panel-grid-cell\" ><div id=\"panel-1994-2-0-0\" class=\"so-panel widget widget_sow-editor panel-first-child panel-last-child\" data-index=\"3\" ><div\n\t\t\t\n\t\t\tclass=\"so-widget-sow-editor so-widget-sow-editor-base\"\n\t\t\t\n\t\t>\n<div class=\"siteorigin-widget-tinymce textwidget\">\n\t<p>At the beginning of the 60's, Am\u00e9d\u00e9e Nantais was a representative at National Optical, he join Mr. Pilotte and together they bought the jewelry store and opened the PILOTTE-NANTAIS Optical Salon at 4259 rue Beaubien. They quickly built up a clientele that went beyond the Rosemont district and their reputation spread throughout the city. Over the years, many optician students come to do the necessary internships to obtain their optician's license.<\/p>\n<p>Pierre Nantais, Am\u00e9d\u00e9e's son, after two years in the frame industry, graduated as an optician in 1973. He joins the team and takes his experience from the elders.<\/p>\n<\/div>\n<\/div><\/div><\/div><\/div><div id=\"pg-1994-3\"  class=\"panel-grid panel-no-style\" ><div id=\"pgc-1994-3-0\"  class=\"panel-grid-cell\" ><div id=\"panel-1994-3-0-0\" class=\"so-panel widget widget_sow-image panel-first-child panel-last-child\" data-index=\"4\" ><div\n\t\t\t\n\t\t\tclass=\"so-widget-sow-image so-widget-sow-image-default-dbf295114b96-1994\"\n\t\t\t\n\t\t><\/div><\/div><\/div><\/div><div id=\"pg-1994-4\"  class=\"panel-grid panel-no-style\" ><div id=\"pgc-1994-4-0\"  class=\"panel-grid-cell\" ><div id=\"panel-1994-4-0-0\" class=\"so-panel widget widget_sow-editor panel-first-child panel-last-child\" data-index=\"5\" ><div\n\t\t\t\n\t\t\tclass=\"so-widget-sow-editor so-widget-sow-editor-base\"\n\t\t\t\n\t\t>\n<div class=\"siteorigin-widget-tinymce textwidget\">\n\t<p>After the retirement of Mr. Pilotte and the sudden death of Mr. Nantais in 1986, Pierre took over the management of the salon with the help of his brother Guy, they reoriented the company. Indeed, with the competition from the major optical store chains, it becomes essential to distinguish oneself by the quality of the products and especially the personalized service. Les deux fr\u00e8res ont transform\u00e9 le salon en ajoutant des services d'optom\u00e9triste et de verres de contact.<\/p>\n<p>For several years Auriane, a passionate optician, Rachel and Audrey, qualified optometrists, have been part of the Pilotte Nantais team. L'esprit familial et professionnel de la clinique leur correspond parfaitement, c'\u00e9tait une \u00e9vidence pour ce trio d'opticiens de reprendre le magasin en 2022.<\/p>\n<\/div>\n<\/div><\/div><\/div><\/div><div id=\"pg-1994-5\"  class=\"panel-grid panel-no-style\" ><div id=\"pgc-1994-5-0\"  class=\"panel-grid-cell\" ><div id=\"panel-1994-5-0-0\" class=\"so-panel widget widget_sow-editor panel-first-child\" data-index=\"6\" ><div\n\t\t\t\n\t\t\tclass=\"so-widget-sow-editor so-widget-sow-editor-base\"\n\t\t\t\n\t\t>\n<div class=\"siteorigin-widget-tinymce textwidget\">\n\t<h2 style=\"text-align: center;\">The store<\/h2>\n<\/div>\n<\/div><\/div><div id=\"panel-1994-5-0-1\" class=\"so-panel widget widget_sow-simple-masonry panel-last-child\" data-index=\"7\" ><div\n\t\t\t\n\t\t\tclass=\"so-widget-sow-simple-masonry so-widget-sow-simple-masonry-default-d75171398898-1994\"\n\t\t\t\n\t\t>\n\n<div class=\"sow-masonry-grid\"\n\tdata-layouts=\"{&quot;desktop&quot;:{&quot;numColumns&quot;:3,&quot;rowHeight&quot;:0,&quot;gutter&quot;:20},&quot;tablet&quot;:{&quot;breakPoint&quot;:768,&quot;numColumns&quot;:2,&quot;rowHeight&quot;:0,&quot;gutter&quot;:0},&quot;mobile&quot;:{&quot;breakPoint&quot;:480,&quot;numColumns&quot;:1,&quot;rowHeight&quot;:0,&quot;gutter&quot;:0}}\" data-layout-origin-left=\"true\" >\n\t\t\t\t<div class=\"sow-masonry-grid-item\" data-col-span=\"2\"\n\t\t\t\tdata-row-span=\"1\">\n\t\t\t\t\t\t\t\t\t<a href=\"https:\/\/www.pilottenantais.com\/wp-content\/uploads\/2023\/03\/dev-a-propos-galerie.jpg\"\n\t\t\t\t\t>\n\t\t\t\t\n\t\t\t\t\n\t\t\t\t<img loading=\"lazy\" decoding=\"async\" width=\"800\" height=\"600\" src=\"https:\/\/www.pilottenantais.com\/wp-content\/uploads\/2023\/03\/dev-a-propos-galerie.jpg\" class=\"sow-masonry-grid-image\" alt=\"Equipe du Pilotte Nantais devant le magasin \u00e0 Montreal\" title=\"Equipe du Pilotte Nantais\" srcset=\"https:\/\/www.pilottenantais.com\/wp-content\/uploads\/2023\/03\/dev-a-propos-galerie.jpg 800w, https:\/\/www.pilottenantais.com\/wp-content\/uploads\/2023\/03\/dev-a-propos-galerie-300x225.jpg 300w, https:\/\/www.pilottenantais.com\/wp-content\/uploads\/2023\/03\/dev-a-propos-galerie-768x576.jpg 768w\" sizes=\"auto, (max-width: 800px) 100vw, 800px\" \/>\n\t\t\t\t\n\t\t\t\t\t\t\t\t\t<\/a>\n\t\t\t\t\t\t\t<\/div>\n\t\t\t\t\t\t<div class=\"sow-masonry-grid-item\" data-col-span=\"1\"\n\t\t\t\tdata-row-span=\"1\">\n\t\t\t\t\t\t\t\t\t<a href=\"https:\/\/www.pilottenantais.com\/wp-content\/uploads\/2023\/05\/signature-pilotte-nantais-2.png\"\n\t\t\t\t\t>\n\t\t\t\t\n\t\t\t\t\n\t\t\t\t<img loading=\"lazy\" decoding=\"async\" width=\"800\" height=\"800\" src=\"https:\/\/www.pilottenantais.com\/wp-content\/uploads\/2023\/05\/signature-pilotte-nantais-2.png\" class=\"sow-masonry-grid-image\" alt=\"Logo signature Pilotte Nantais Montreal\" title=\"Logo Pilotte Nantais\" srcset=\"https:\/\/www.pilottenantais.com\/wp-content\/uploads\/2023\/05\/signature-pilotte-nantais-2.png 800w, https:\/\/www.pilottenantais.com\/wp-content\/uploads\/2023\/05\/signature-pilotte-nantais-2-300x300.png 300w, https:\/\/www.pilottenantais.com\/wp-content\/uploads\/2023\/05\/signature-pilotte-nantais-2-150x150.png 150w, https:\/\/www.pilottenantais.com\/wp-content\/uploads\/2023\/05\/signature-pilotte-nantais-2-768x768.png 768w, https:\/\/www.pilottenantais.com\/wp-content\/uploads\/2023\/05\/signature-pilotte-nantais-2-375x375.png 375w\" sizes=\"auto, (max-width: 800px) 100vw, 800px\" \/>\n\t\t\t\t\n\t\t\t\t\t\t\t\t\t<\/a>\n\t\t\t\t\t\t\t<\/div>\n\t\t\t\n<\/div>\n<\/div><\/div><\/div><\/div><\/div>","protected":false},"excerpt":{"rendered":"<p>Our story At the end of the Second World War, the optician Simon Pilotte was manager of the lens surfacing workshop at National Optical. As he lived in the Rosemont district, on 24th Avenue, he undertook to open an optician&#8217;s office near his home to serve his fellow citizens of Rosemont. He rented a small &hellip;<\/p>\n","protected":false},"author":5,"featured_media":0,"parent":0,"menu_order":0,"comment_status":"closed","ping_status":"closed","template":"","meta":{"_acf_changed":false,"footnotes":""},"class_list":{"0":"post-1994","1":"page","2":"type-page","3":"status-publish","5":"clearfix","6":"article"},"acf":[],"_links":{"self":[{"href":"https:\/\/www.pilottenantais.com\/en\/wp-json\/wp\/v2\/pages\/1994","targetHints":{"allow":["GET"]}}],"collection":[{"href":"https:\/\/www.pilottenantais.com\/en\/wp-json\/wp\/v2\/pages"}],"about":[{"href":"https:\/\/www.pilottenantais.com\/en\/wp-json\/wp\/v2\/types\/page"}],"author":[{"embeddable":true,"href":"https:\/\/www.pilottenantais.com\/en\/wp-json\/wp\/v2\/users\/5"}],"replies":[{"embeddable":true,"href":"https:\/\/www.pilottenantais.com\/en\/wp-json\/wp\/v2\/comments?post=1994"}],"version-history":[{"count":6,"href":"https:\/\/www.pilottenantais.com\/en\/wp-json\/wp\/v2\/pages\/1994\/revisions"}],"predecessor-version":[{"id":2637,"href":"https:\/\/www.pilottenantais.com\/en\/wp-json\/wp\/v2\/pages\/1994\/revisions\/2637"}],"wp:attachment":[{"href":"https:\/\/www.pilottenantais.com\/en\/wp-json\/wp\/v2\/media?parent=1994"}],"curies":[{"name":"wp","href":"https:\/\/api.w.org\/{rel}","templated":true}]}}